{"id":4579,"date":"2021-11-01T10:35:27","date_gmt":"2021-11-01T09:35:27","guid":{"rendered":"http:\/\/localhost\/cfi\/?page_id=4579"},"modified":"2022-11-23T16:25:46","modified_gmt":"2022-11-23T15:25:46","slug":"contact","status":"publish","type":"page","link":"https:\/\/cfi.ch\/en\/contact\/","title":{"rendered":"Contact us"},"content":{"rendered":"<div class=\"wp-block-stackable-columns alignfull stk-block-columns stk-block stk-8899a59 stk-block-background\" data-block-id=\"8899a59\"><style>.stk-8899a59{background-color:var(--stk-global-color-94408,#ffffff) !important}.stk-8899a59:before{background-color:var(--stk-global-color-94408,#ffffff) !important}<\/style><div class=\"stk-row stk-inner-blocks stk-block-content stk-content-align stk-8899a59-column\">\n<div class=\"wp-block-stackable-column stk-block-column stk-block-column--v2 stk-column stk-block stk-56c2bc3\" data-block-id=\"56c2bc3\"><style>.stk-56c2bc3-container{display:flex !important}.stk-56c2bc3-inner-blocks{justify-content:center !important}.stk-56c2bc3-container{flex-direction:column !important}<\/style><div class=\"stk-column-wrapper stk-block-column__content stk-container stk-56c2bc3-container stk--no-background stk--no-padding\"><div class=\"stk-block-content stk-inner-blocks stk-56c2bc3-inner-blocks\">\n<div class=\"wp-block-stackable-heading stk-block-heading stk-block stk-a55d2f5\" id=\"une-question-un-projet\" data-block-id=\"a55d2f5\"><style>.stk-a55d2f5{margin-bottom:0px !important;display:flex !important}.stk-a55d2f5{justify-content:center !important;flex-direction:column !important}.stk-a55d2f5 .stk-block-heading__text{color:var(--stk-global-color-73759,#3a437e) !important}<\/style><h2 class=\"stk-block-heading__text has-text-color has-stk-global-color-24710-color has-text-align-left\">A question? A project ?<\/h2><\/div>\n\n\n\n<div class=\"wp-block-stackable-heading stk-block-heading stk-block stk-0f6dbe3\" id=\"discutons\" data-block-id=\"0f6dbe3\"><style>.stk-0f6dbe3{margin-top:0px !important;display:flex !important}.stk-0f6dbe3{justify-content:center !important;flex-direction:column !important}.stk-0f6dbe3 .stk-block-heading__text{color:var(--stk-global-color-24710,#3ab0e2) !important}<\/style><h2 class=\"stk-block-heading__text has-text-color has-stk-global-color-24710-color has-text-align-left\">Let's talk!<\/h2><\/div>\n\n\n\n<div class=\"wp-block-stackable-subtitle stk-block-subtitle stk-block stk-ebfd2f0\" data-block-id=\"ebfd2f0\"><style>.stk-ebfd2f0{max-width:60% !important;min-width:auto !important;margin-bottom:45px !important}.stk-ebfd2f0 .stk-block-subtitle__text{color:var(--stk-global-color-69351,#878b92) !important}<\/style><p class=\"stk-block-subtitle__text stk-subtitle has-text-color has-stk-global-color-69351-color\">Fill out the form below and you will receive an answer as soon as possible.<\/p><\/div>\n\n\n\n<div class=\"wp-block-stackable-columns stk-block-columns stk-block stk-2c63522\" data-block-id=\"2c63522\"><style>.stk-2c63522-column{--stk-column-gap:60px !important}<\/style><div class=\"stk-row stk-inner-blocks stk-block-content stk-content-align stk-2c63522-column\">\n<div class=\"wp-block-stackable-column stk-block-column stk-block-column--v2 stk-column stk-block stk-36e2477\" data-block-id=\"36e2477\"><style>@media screen and (min-width:768px){.stk-36e2477{flex:1 1 calc(70% - var(--stk-column-gap,0px) * 1 \/ 2 ) !important}}@media screen and (max-width:767px){.stk-36e2477-container{margin-bottom:30px !important}}<\/style><div class=\"stk-column-wrapper stk-block-column__content stk-container stk-36e2477-container stk--no-background stk--no-padding\"><div class=\"stk-block-content stk-inner-blocks stk-36e2477-inner-blocks\">\n<div class=\"forminator-guttenberg\"><div class=\"forminator-ui forminator-custom-form forminator-custom-form-6206   forminator_ajax\" data-forminator-render=\"0\" data-form=\"forminator-module-6206\" data-uid=\"69d756bf197e2\"><br\/><\/div><form\n\t\t\t\tid=\"forminator-module-6206\"\n\t\t\t\tclass=\"forminator-ui forminator-custom-form forminator-custom-form-6206   forminator_ajax\"\n\t\t\t\tmethod=\"post\"\n\t\t\t\tdata-forminator-render=\"0\"\n\t\t\t\tdata-form-id=\"6206\"\n\t\t\t\t\n\t\t\t\tdata-design=\"none\"\n\t\t\t\t\n\t\t\t\t\n\t\t\t\t\n\t\t\t\tdata-grid=\"open\"\n\t\t\t\t\n\t\t\t\t\n\t\t\t\tstyle=\"display: none;\"\n\t\t\t\t\n\t\t\t\tdata-uid=\"69d756bf197e2\" action=\"\"\n\t\t\t><div role=\"alert\" aria-live=\"polite\" class=\"forminator-response-message forminator-error\" aria-hidden=\"true\"><\/div><div class=\"forminator-row\"><div id=\"name-1\" class=\"forminator-field-name forminator-col forminator-col-6  form-error\"><div class=\"forminator-field\"><label for=\"forminator-field-name-1_69d756bf197e2\" id=\"forminator-field-name-1_69d756bf197e2-label\" class=\"forminator-label\">First name <span class=\"forminator-required\">*<\/span><\/label><input type=\"text\" name=\"name-1\" value=\"\" placeholder=\"Your first name\" id=\"forminator-field-name-1_69d756bf197e2\" class=\"forminator-input forminator-name--field\" aria-required=\"true\" \/><\/div><\/div><div id=\"name-2\" class=\"forminator-field-name forminator-col forminator-col-6\"><div class=\"forminator-field\"><label for=\"forminator-field-name-2_69d756bf197e2\" id=\"forminator-field-name-2_69d756bf197e2-label\" class=\"forminator-label\">Last name <span class=\"forminator-required\">*<\/span><\/label><input type=\"text\" name=\"name-2\" value=\"\" placeholder=\"Your last name\" id=\"forminator-field-name-2_69d756bf197e2\" class=\"forminator-input forminator-name--field\" aria-required=\"true\" \/><\/div><\/div><\/div><div class=\"forminator-row\"><div id=\"text-1\" class=\"forminator-field-text forminator-col forminator-col-6\"><div class=\"forminator-field\"><label for=\"forminator-field-text-1_69d756bf197e2\" id=\"forminator-field-text-1_69d756bf197e2-label\" class=\"forminator-label\">Subject <span class=\"forminator-required\">*<\/span><\/label><input type=\"text\" name=\"text-1\" value=\"\" placeholder=\"Your subject\" id=\"forminator-field-text-1_69d756bf197e2\" class=\"forminator-input forminator-name--field\" data-required=\"1\" \/><\/div><\/div><div id=\"email-1\" class=\"forminator-field-email forminator-col forminator-col-6\"><div class=\"forminator-field\"><label for=\"forminator-field-email-1_69d756bf197e2\" id=\"forminator-field-email-1_69d756bf197e2-label\" class=\"forminator-label\">E-mail <span class=\"forminator-required\">*<\/span><\/label><input type=\"email\" name=\"email-1\" value=\"\" placeholder=\"Your e-mail adress\" id=\"forminator-field-email-1_69d756bf197e2\" class=\"forminator-input forminator-email--field\" data-required=\"true\" aria-required=\"true\" \/><\/div><\/div><\/div><div class=\"forminator-row\"><div id=\"textarea-1\" class=\"forminator-field-textarea forminator-col forminator-col-12\"><div class=\"forminator-field\"><label for=\"forminator-field-textarea-1_69d756bf197e2\" id=\"forminator-field-textarea-1_69d756bf197e2-label\" class=\"forminator-label\">Message <span class=\"forminator-required\">*<\/span><\/label><textarea name=\"textarea-1\" placeholder=\"Type your message...\" id=\"forminator-field-textarea-1_69d756bf197e2\" class=\"forminator-textarea\" rows=\"6\" style=\"min-height:140px;\" ><\/textarea><span id=\"forminator-field-textarea-1_69d756bf197e2-description\" class=\"forminator-description\"><span data-limit=\"500\" data-type=\"words\" data-editor=\"\">0 \/ 500<\/span><\/span><\/div><\/div><\/div><div class=\"forminator-row\"><div id=\"captcha-1\" class=\"forminator-field-captcha forminator-col forminator-col-12\"><div class=\"forminator-captcha-left forminator-g-recaptcha recaptcha-invisible\" data-theme=\"light\" data-badge=\"bottomright\" data-sitekey=\"6LemrfkhAAAAADBE0gIL5y9Z26FihUGTRArcM7m-\" data-size=\"invisible\"><\/div> <\/div><\/div><input type=\"hidden\" name=\"referer_url\" value=\"\" \/><div class=\"forminator-row forminator-row-last\"><div class=\"forminator-col\"><div class=\"forminator-field\"><button class=\"forminator-button forminator-button-submit form-submit\">Send my message<\/button><\/div><\/div><\/div><input type=\"hidden\" id=\"forminator_nonce\" name=\"forminator_nonce\" value=\"a0bc00c3a4\" \/><input type=\"hidden\" name=\"_wp_http_referer\" value=\"\/en\/wp-json\/wp\/v2\/pages\/4579\" \/><input type=\"hidden\" name=\"form_id\" value=\"6206\"><input type=\"hidden\" name=\"page_id\" value=\"4579\"><input type=\"hidden\" name=\"form_type\" value=\"default\"><input type=\"hidden\" name=\"current_url\" value=\"https:\/\/cfi.ch\/en\/contact\/\"><input type=\"hidden\" name=\"render_id\" value=\"0\"><input type=\"hidden\" name=\"action\" value=\"forminator_submit_form_custom-forms\"><label for=\"input_6\" class=\"forminator-hidden\" aria-hidden=\"true\">Please do not fill in this field. <input id=\"input_6\" type=\"text\" name=\"input_6\" value=\"\" autocomplete=\"off\"><\/label><input type=\"hidden\" name=\"trp-form-language\" value=\"en\"\/><\/form><\/div>\n<\/div><\/div><\/div>\n\n\n\n<div class=\"wp-block-stackable-column stk-block-column stk-block-column--v2 stk-column stk-block stk-744796d\" data-block-id=\"744796d\"><style>.stk-744796d{display:flex !important}.stk-744796d{align-items:flex-start !important}@media screen and (min-width:768px){.stk-744796d{flex:1 1 calc(30% - var(--stk-column-gap,0px) * 1 \/ 2 ) !important}}.stk-744796d-container{border-radius:15px !important;overflow:hidden !important;border-style:solid !important;border-color:#ececec !important;border-top-width:1px !important;border-right-width:1px !important;border-bottom-width:1px !important;border-left-width:1px !important}.stk-744796d-container{display:flex !important}.stk-744796d-inner-blocks{justify-content:flex-start !important}.stk-744796d-container{flex-direction:column !important}<\/style><div class=\"stk-column-wrapper stk-block-column__content stk-container stk-744796d-container stk-hover-parent\"><div class=\"stk-block-content stk-inner-blocks stk-744796d-inner-blocks\">\n<div class=\"wp-block-stackable-heading stk-block-heading stk-block stk-b62fb50\" id=\"cfi-sa\" data-block-id=\"b62fb50\"><style>.stk-b62fb50{margin-bottom:6px !important}.stk-b62fb50 .stk-block-heading__text{color:var(--stk-global-color-10814,#333333) !important}<\/style><h4 class=\"stk-block-heading__text has-text-color has-stk-global-color-10814-color\">CFI SA<\/h4><\/div>\n\n\n\n<div class=\"wp-block-stackable-text stk-block-text stk-block stk-44f67aa\" data-block-id=\"44f67aa\"><style>.stk-44f67aa .stk-block-text__text{font-size:16px !important;color:var(--stk-global-color-69351,#878b92) !important}@media screen and (max-width:1023px){.stk-44f67aa .stk-block-text__text{font-size:16px !important}}<\/style><p class=\"stk-block-text__text has-text-color has-stk-global-color-69351-color\">Rue du Concert 6<br>2000 Neuch\u00e2tel<br>&#x69;&#110;f&#x6f;&#64;c&#x66;&#105;&#46;&#x63;&#x68;<br>+41 32 723 20 20<\/p><\/div>\n\n\n\n<div class=\"wp-block-stackable-heading stk-block-heading stk-block stk-89b8c4b\" id=\"horaires-douverture\" data-block-id=\"89b8c4b\"><style>.stk-89b8c4b{margin-bottom:6px !important}.stk-89b8c4b .stk-block-heading__text{color:var(--stk-global-color-10814,#333333) !important}<\/style><h4 class=\"stk-block-heading__text has-text-color has-stk-global-color-10814-color\">Opening times<\/h4><\/div>\n\n\n\n<div class=\"wp-block-stackable-text stk-block-text stk-block stk-64d3f3f\" data-block-id=\"64d3f3f\"><style>.stk-64d3f3f .stk-block-text__text{font-size:16px !important;color:var(--stk-global-color-69351,#878b92) !important}@media screen and (max-width:1023px){.stk-64d3f3f .stk-block-text__text{font-size:16px !important}}<\/style><p class=\"stk-block-text__text has-text-color has-stk-global-color-69351-color\">Open Monday to Friday<br>08:00 &#8211; 12:00 \/ 13:30 &#8211; 17:30<\/p><\/div>\n<\/div><\/div><\/div>\n<\/div><\/div>\n<\/div><\/div><\/div>\n<\/div><\/div>\n\n\n\n<div class=\"wp-block-stackable-columns alignfull stk-block-columns stk-block stk-f07ba07 stk-block-background\" data-block-id=\"f07ba07\"><style>.stk-f07ba07{background-color:var(--stk-global-color-88345,#f5f5f5) !important}.stk-f07ba07:before{background-color:var(--stk-global-color-88345,#f5f5f5) !important}.stk-f07ba07{padding-top:0px !important;padding-right:0px !important;padding-bottom:0px !important;padding-left:0px !important}<\/style><div class=\"stk-row stk-inner-blocks stk-block-content stk-content-align stk-f07ba07-column alignfull\">\n<div class=\"wp-block-stackable-column stk-block-column stk-block-column--v2 stk-column stk-block stk-d05e210\" data-block-id=\"d05e210\"><style>.stk-d05e210-container{padding-top:0px !important;padding-right:0px !important;padding-bottom:0px !important;padding-left:0px !important;display:flex !important}.stk-d05e210-inner-blocks{justify-content:center !important}.stk-d05e210-container{flex-direction:column !important}<\/style><div class=\"stk-column-wrapper stk-block-column__content stk-container stk-d05e210-container stk--no-background stk--no-padding\"><div class=\"stk-block-content stk-inner-blocks stk-d05e210-inner-blocks\">\n<iframe src=\"https:\/\/www.google.com\/maps\/embed?pb=!1m14!1m8!1m3!1d10885.95919778741!2d6.9306563!3d46.9913549!3m2!1i1024!2i768!4f13.1!3m3!1m2!1s0x0%3A0x5c5f71b162251cbf!2sCFI%20SA!5e0!3m2!1sfr!2sch!4v1637672147720!5m2!1sfr!2sch\" height=\"500px\" style=\"border:0;\" allowfullscreen=\"\" loading=\"lazy\"><\/iframe>\n<\/div><\/div><\/div>\n<\/div><\/div>","protected":false},"excerpt":{"rendered":"<p>Une question ? Un projet ? Discutons. Compl\u00e9tez le formulaire ci-dessous, vous recevrez une r\u00e9ponse dans les meilleurs d\u00e9lais. CFI SA Rue du Concert 62000 Neuch\u00e2tel&#105;&#x6e;&#x66;o&#64;&#x63;&#x66;i&#46;&#x63;h+41 32 723 20 20 Horaires d&rsquo;ouverture Ouvert du lundi au vendredi08:00 &#8211; 12:00 \/ 13:30 &#8211; 17:30<\/p>","protected":false},"author":1,"featured_media":0,"parent":0,"menu_order":0,"comment_status":"closed","ping_status":"closed","template":"","meta":{"_acf_changed":false,"footnotes":""},"class_list":["post-4579","page","type-page","status-publish","hentry"],"blocksy_meta":{"styles_descriptor":{"styles":{"desktop":"","tablet":"","mobile":""},"google_fonts":[],"version":5},"page_title_panel":"","has_hero_section":"disabled","d20847f8e643965dc8c160059e1bc4bc":"","hero_section":"type-2","hero_elements":[{"id":"custom_title","enabled":false,"heading_tag":"h1","title":"Accueil","__id":"4W5tz0U5z98JKtgLYTXNZ"},{"id":"custom_description","enabled":false,"description_visibility":{"desktop":true,"tablet":true,"mobile":false},"__id":"D5npvo2qJ-ok1YTQwsX3t"},{"id":"custom_meta","enabled":false,"meta_elements":[{"id":"author","enabled":true,"label":"Par","has_author_avatar":"yes","avatar_size":25},{"id":"post_date","enabled":true,"label":"Sur","date_format_source":"default","date_format":"M j, Y"},{"id":"updated_date","enabled":false,"label":"Sur","date_format_source":"default","date_format":"M j, Y"},{"id":"categories","enabled":false,"label":"Dans","style":"simple"},{"id":"comments","enabled":true}],"page_meta_elements":{"joined":true,"articles_count":true,"comments":true},"__id":"anxQG0lsGazKyOXFJf5Y7"},{"id":"breadcrumbs","enabled":false,"__id":"WxYwG4msVYDWhBwm51ejS"}],"b9f4a353b9eff76a8ddd6ff6a7d2fbae":"","hero_alignment1":"CT_CSS_SKIP_RULE","hero_margin":40,"hero_alignment2":"center","hero_vertical_alignment":"center","6e28031475e31f85f75e4e5daee828d3":"","hero_structure":"narrow","65d8e638e0628ef8ba5d75065cdbbc68":"","page_title_bg_type":"featured_image","custom_hero_background":{"attachment_id":null},"parallax":{"desktop":false,"tablet":false,"mobile":false},"b22019cfd2210d90474d6eb7101af66d":"","hero_height":"250px","pageTitleFont":{"family":"Default","variation":"Default","size":"30px","line-height":"CT_CSS_SKIP_RULE","letter-spacing":"CT_CSS_SKIP_RULE","text-transform":"CT_CSS_SKIP_RULE","text-decoration":"CT_CSS_SKIP_RULE"},"pageTitleFontColor":{"default":{"color":"CT_CSS_SKIP_RULEDEFAULT"}},"pageMetaFont":{"family":"Default","variation":"n6","size":"12px","line-height":"1.3","letter-spacing":"CT_CSS_SKIP_RULE","text-transform":"uppercase","text-decoration":"CT_CSS_SKIP_RULE"},"pageMetaFontColor":{"default":{"color":"CT_CSS_SKIP_RULEDEFAULT"},"hover":{"color":"CT_CSS_SKIP_RULEDEFAULT"}},"page_meta_button_type_font_colors":{"default":{"color":"CT_CSS_SKIP_RULEDEFAULT"},"hover":{"color":"CT_CSS_SKIP_RULEDEFAULT"}},"page_meta_button_type_background_colors":{"default":{"color":"CT_CSS_SKIP_RULEDEFAULT"},"hover":{"color":"CT_CSS_SKIP_RULEDEFAULT"}},"pageExcerptFont":{"family":"Default","variation":"Default","size":"CT_CSS_SKIP_RULE","line-height":"CT_CSS_SKIP_RULE","letter-spacing":"CT_CSS_SKIP_RULE","text-transform":"CT_CSS_SKIP_RULE","text-decoration":"CT_CSS_SKIP_RULE"},"pageExcerptColor":{"default":{"color":"CT_CSS_SKIP_RULEDEFAULT"}},"breadcrumbsFont":{"family":"Default","variation":"Default","size":"CT_CSS_SKIP_RULE","line-height":"CT_CSS_SKIP_RULE","letter-spacing":"CT_CSS_SKIP_RULE","text-transform":"CT_CSS_SKIP_RULE","text-decoration":"CT_CSS_SKIP_RULE"},"breadcrumbsFontColor":{"default":{"color":"CT_CSS_SKIP_RULEDEFAULT"},"initial":{"color":"CT_CSS_SKIP_RULEDEFAULT"},"hover":{"color":"CT_CSS_SKIP_RULEDEFAULT"}},"pageTitleOverlay":{"background_type":"color","background_pattern":"type-1","background_image":{"attachment_id":null,"x":0,"y":0},"gradient":"linear-gradient(135deg,rgba(6,147,227,1) 0%,rgb(155,81,224) 100%)","background_repeat":"repeat","background_size":"auto","background_attachment":"scroll","patternColor":{"default":{"color":"#e5e7ea"}},"overlayColor":{"default":{"color":"CT_CSS_SKIP_RULE"}},"backgroundColor":{"default":{"color":"CT_CSS_SKIP_RULE"}}},"pageTitleBackground":{"background_type":"color","background_pattern":"type-1","background_image":{"attachment_id":null,"x":0,"y":0},"gradient":"linear-gradient(135deg,rgba(6,147,227,1) 0%,rgb(155,81,224) 100%)","background_repeat":"repeat","background_size":"auto","background_attachment":"scroll","patternColor":{"default":{"color":"#e5e7ea"}},"overlayColor":{"default":{"color":"CT_CSS_SKIP_RULE"}},"backgroundColor":{"default":{"color":"var(--paletteColor6)"}}},"pageTitlePadding":{"top":"50px","bottom":"50px","left":"auto","right":"auto","linked":true},"6a72ef87c4a81bacdf964b9651957422":"","page_structure_type":"default","bd03567b76b5e9d4f9b1b85ec9d31ca8":"","content_style_source":"inherit","content_style":"wide","vertical_spacing_source":"inherit","content_area_spacing":"none","background":{"background_type":"color","background_pattern":"type-1","background_image":{"attachment_id":null,"x":0,"y":0},"gradient":"linear-gradient(135deg,rgba(6,147,227,1) 0%,rgb(155,81,224) 100%)","background_repeat":"repeat","background_size":"auto","background_attachment":"scroll","patternColor":{"default":{"color":"#e5e7ea"}},"overlayColor":{"default":{"color":"CT_CSS_SKIP_RULE"}},"backgroundColor":{"default":{"color":"CT_CSS_SKIP_RULE"}}},"content_background":{"background_type":"color","background_pattern":"type-1","background_image":{"attachment_id":null,"x":0,"y":0},"gradient":"linear-gradient(135deg,rgba(6,147,227,1) 0%,rgb(155,81,224) 100%)","background_repeat":"repeat","background_size":"auto","background_attachment":"scroll","patternColor":{"default":{"color":"#e5e7ea"}},"overlayColor":{"default":{"color":"CT_CSS_SKIP_RULE"}},"backgroundColor":{"default":{"color":"var(--paletteColor8)"}}},"content_boxed_shadow":{"inherit":false,"blur":18,"spread":-6,"v_offset":12,"h_offset":0,"inset":false,"enable":true,"color":{"color":"rgba(34, 56, 101, 0.04)"}},"boxed_content_spacing":{"desktop":{"top":"40px","bottom":"40px","left":"40px","right":"40px","linked":true},"tablet":{"top":"35px","bottom":"35px","left":"35px","right":"35px","linked":true},"mobile":{"top":"20px","bottom":"20px","left":"20px","right":"20px","linked":true}},"content_boxed_radius":{"top":"3px","bottom":"3px","left":"3px","right":"3px","linked":true},"2da01676c13b0c5a8c46f27d5a78af8f":"","disable_featured_image":"no","disable_header":"no","disable_footer":"no","835b9c911cb28ac6e5e924b08690eacb":"","906a1f6ee24f6eb43f3d7a6b29ff879d":"","76cd07b2416b2498422c20384eefce57":"","8f0879dbd5479b3f21bbc3c40c9b832c":"","0b17dfd10664ae4b7c8dd4608963d39b":"","aea22a3749c4b1c519a7e5a452860233":"","d997d5da18344d4e4c8b1bd9a13f9183":"","b8eb8019fefffd9c07710995f095e0f5":"","fc61d730aa34827a2430e9adb76e1e78":"","b7af1efbba68c9fc38152c04af35e423":"","b3cedadbbe649590d6631e53bcfa627c":"","691ed3d96d9a005b8a8a993502f34d87":"","page_title_image_size":"full","7b8c555d5b3e4aa50f9d3d4c7e7268dc":"","acf_field_hero_elements":"","typography":{"family":"Default","variation":"Default","size":"CT_CSS_SKIP_RULE","line-height":"CT_CSS_SKIP_RULE","letter-spacing":"CT_CSS_SKIP_RULE","text-transform":"CT_CSS_SKIP_RULE","text-decoration":"CT_CSS_SKIP_RULE"},"color":{"default":{"color":"CT_CSS_SKIP_RULEDEFAULT"},"hover":{"color":"CT_CSS_SKIP_RULEDEFAULT"}},"metabox_field_hero_elements":"","toolset_field_hero_elements":"","jetengine_field_hero_elements":"","custom_field_hero_elements":"","fea71bb01edbbbc2ac58b1f399456afb":"","b94ffb0fad9e55ec1e8c2272701b4f09":"","content_boxed_border":{"width":1,"style":"none","color":{"color":"rgba(44,62,80,0.2)"}},"b03e92de08f1176a15c94dc0dbfbeb6a":"","disable_share_box":"no","c09c3562e5e26a081a4a8c0c79103b61":"","header_footer_scripts_panel":"","header_scripts":"","a2f2e23c82cd4dd6403276cea3cc1d43":"","header_after_body_scripts":"","f07b6f8efd47a77cc4e793f06a792821":"","footer_scripts":"","b5ce1e9ae218d58d6fa4097b94ab522b":"","218ffec2e45fa5d97c0a2195d61f3e92":"","f4a6d907a7b1bc00de4b19285a362273":"","475ed1c5f9663b638db6a1abb353ff90":"","8bbce4ffb246aea3435493e9ad5061a2":"","db0f68a1eaa7bbe5fb5a66ac03be6c13":"","9d996fa33bf05d6afb1c80b7f132cda0":"","dfaba969839e08559565b470d08d0a4b":"","2db29d0d9f9c221a1add84ccf82b5ae9":"","e2c7a1839123241c08e6449f646f2cd9":"","187970f17bddb18a3b1e53a5d4f951a1":"","6da31b915847718a1b3b1813f06d7e2f":"","5ca0b963e872238f1ac1e73d5e0f036d":"","35d225a7c42e3e4048a442eee75897cf":"","d922c87a85b62e25456781d103041106":"","1853b8ceb4873c37b09f0864ae0c4e3c":"","24ca6cb395fc28e2aabe22e49cb419c1":"","40840a85d2f578827b964fdcf923a51a":"","af50fa40f520d02e7da55bd0a538348b":"","bcf186e40515e1b3c8c0d61d07cb692c":"","7af51c4f41be64fcb19f6643e6d7a37f":"","b273550b35e98bd00524b80680f40ee8":""},"acf":[],"_links":{"self":[{"href":"https:\/\/cfi.ch\/en\/wp-json\/wp\/v2\/pages\/4579","targetHints":{"allow":["GET"]}}],"collection":[{"href":"https:\/\/cfi.ch\/en\/wp-json\/wp\/v2\/pages"}],"about":[{"href":"https:\/\/cfi.ch\/en\/wp-json\/wp\/v2\/types\/page"}],"author":[{"embeddable":true,"href":"https:\/\/cfi.ch\/en\/wp-json\/wp\/v2\/users\/1"}],"replies":[{"embeddable":true,"href":"https:\/\/cfi.ch\/en\/wp-json\/wp\/v2\/comments?post=4579"}],"version-history":[{"count":0,"href":"https:\/\/cfi.ch\/en\/wp-json\/wp\/v2\/pages\/4579\/revisions"}],"wp:attachment":[{"href":"https:\/\/cfi.ch\/en\/wp-json\/wp\/v2\/media?parent=4579"}],"curies":[{"name":"wp","href":"https:\/\/api.w.org\/{rel}","templated":true}]}}