{"id":6510,"date":"2022-02-21T11:18:26","date_gmt":"2022-02-21T10:18:26","guid":{"rendered":"http:\/\/localhost\/cfi\/?page_id=6510"},"modified":"2022-05-03T08:50:50","modified_gmt":"2022-05-03T06:50:50","slug":"inscription-formation","status":"publish","type":"page","link":"https:\/\/cfi.ch\/en\/inscription-formation\/","title":{"rendered":"Formulaire d&rsquo;inscription"},"content":{"rendered":"<div class=\"wp-block-stackable-columns alignfull stk-block-columns stk-block stk-8899a59 stk-block-background\" data-block-id=\"8899a59\"><style>.stk-8899a59{background-color:var(--stk-global-color-94408,#ffffff) !important}.stk-8899a59:before{background-color:var(--stk-global-color-94408,#ffffff) !important}.stk-8899a59{margin-bottom:0px !important}<\/style><div class=\"stk-row stk-inner-blocks stk-block-content stk-content-align stk-8899a59-column\">\n<div class=\"wp-block-stackable-column stk-block-column stk-column stk-block stk-56c2bc3\" data-block-id=\"56c2bc3\"><style>.stk-56c2bc3{margin-top:60px !important;margin-bottom:60px !important}.stk-56c2bc3 .stk-block-column__content{display:flex !important}.stk-56c2bc3 .stk-block-column__content{align-items:center !important}<\/style><div class=\"stk-column-wrapper stk-block-column__content stk-container stk-56c2bc3-container stk--no-background stk--no-padding\"><div class=\"stk-block-content stk-inner-blocks\">\n<div class=\"wp-block-stackable-heading stk-block-heading stk-block stk-a55d2f5\" id=\"vous-etes-interesse-e-br-par-cette-formation\" data-block-id=\"a55d2f5\"><style>.stk-a55d2f5{margin-bottom:0px !important;display:flex !important}.stk-a55d2f5{justify-content:center !important;flex-direction:column !important}.stk-a55d2f5 .stk-block-heading__text{color:var(--stk-global-color-73759,#3a437e) !important}<\/style><h2 class=\"stk-block-heading__text has-text-color has-stk-global-color-24710-color has-text-align-left\">Vous \u00eates int\u00e9ress\u00e9(e)<br>par cette formation?<\/h2><\/div>\n\n\n\n<div class=\"wp-block-stackable-heading stk-block-heading stk-block stk-0f6dbe3\" id=\"contactez-nous\" data-block-id=\"0f6dbe3\"><style>.stk-0f6dbe3{margin-top:0px !important;display:flex !important}.stk-0f6dbe3{justify-content:center !important;flex-direction:column !important}.stk-0f6dbe3 .stk-block-heading__text{color:var(--stk-global-color-24710,#3ab0e2) !important}<\/style><h2 class=\"stk-block-heading__text has-text-color has-stk-global-color-24710-color has-text-align-left\">Contactez-nous.<\/h2><\/div>\n\n\n\n<div class=\"wp-block-stackable-subtitle stk-block-subtitle stk-block stk-ebfd2f0\" data-block-id=\"ebfd2f0\"><style>.stk-ebfd2f0{max-width:60% !important;min-width:auto !important}.stk-ebfd2f0 .stk-block-subtitle__text{color:var(--stk-global-color-69351,#878b92) !important}<\/style><p class=\"stk-block-subtitle__text stk-subtitle has-text-color has-stk-global-color-69351-color\">Fill out the form below and you will receive an answer as soon as possible.<\/p><\/div>\n\n\n\n<div class=\"wp-block-stackable-columns stk-block-columns stk-block stk-2c63522\" data-block-id=\"2c63522\"><style>.stk-2c63522-column{--stk-column-gap:60px !important}<\/style><div class=\"stk-row stk-inner-blocks stk-block-content stk-content-align stk-2c63522-column\">\n<div class=\"wp-block-stackable-column stk-block-column stk-column stk-block stk-36e2477\" data-block-id=\"36e2477\"><style>@media screen and (min-width:768px){.stk-36e2477{flex:1 1 calc(70% - var(--stk-column-gap,0px) * 1 \/ 2 ) !important}}<\/style><div class=\"stk-column-wrapper stk-block-column__content stk-container stk-36e2477-container stk--no-background stk--no-padding\"><div class=\"stk-block-content stk-inner-blocks\">\n<div class=\"forminator-guttenberg\"><div class=\"forminator-ui forminator-custom-form forminator-custom-form-6517   forminator_ajax\" data-forminator-render=\"0\" data-form=\"forminator-module-6517\" data-uid=\"69deb1c83822b\"><br\/><\/div><form\n\t\t\t\tid=\"forminator-module-6517\"\n\t\t\t\tclass=\"forminator-ui forminator-custom-form forminator-custom-form-6517   forminator_ajax\"\n\t\t\t\tmethod=\"post\"\n\t\t\t\tdata-forminator-render=\"0\"\n\t\t\t\tdata-form-id=\"6517\"\n\t\t\t\t\n\t\t\t\tdata-design=\"none\"\n\t\t\t\t\n\t\t\t\t\n\t\t\t\t\n\t\t\t\tdata-grid=\"open\"\n\t\t\t\t\n\t\t\t\t\n\t\t\t\tstyle=\"display: none;\"\n\t\t\t\t\n\t\t\t\tdata-uid=\"69deb1c83822b\" action=\"\"\n\t\t\t><div role=\"alert\" aria-live=\"polite\" class=\"forminator-response-message forminator-error\" aria-hidden=\"true\"><\/div><div class=\"forminator-row\"><div id=\"name-1\" class=\"forminator-field-name forminator-col forminator-col-6\"><div class=\"forminator-field\"><label for=\"forminator-field-name-1_69deb1c83822b\" id=\"forminator-field-name-1_69deb1c83822b-label\" class=\"forminator-label\">First name <span class=\"forminator-required\">*<\/span><\/label><input type=\"text\" name=\"name-1\" value=\"\" placeholder=\"Your first name\" id=\"forminator-field-name-1_69deb1c83822b\" class=\"forminator-input forminator-name--field\" aria-required=\"true\" \/><\/div><\/div><div id=\"name-2\" class=\"forminator-field-name forminator-col forminator-col-6\"><div class=\"forminator-field\"><label for=\"forminator-field-name-2_69deb1c83822b\" id=\"forminator-field-name-2_69deb1c83822b-label\" class=\"forminator-label\">Last name <span class=\"forminator-required\">*<\/span><\/label><input type=\"text\" name=\"name-2\" value=\"\" placeholder=\"Your last name\" id=\"forminator-field-name-2_69deb1c83822b\" class=\"forminator-input forminator-name--field\" aria-required=\"true\" \/><\/div><\/div><\/div><div class=\"forminator-row\"><div id=\"text-1\" class=\"forminator-field-text forminator-col forminator-col-6\"><div class=\"forminator-field\"><label for=\"forminator-field-text-1_69deb1c83822b\" id=\"forminator-field-text-1_69deb1c83822b-label\" class=\"forminator-label\">Subject <span class=\"forminator-required\">*<\/span><\/label><input type=\"text\" name=\"text-1\" value=\"\" placeholder=\"Your subject\" id=\"forminator-field-text-1_69deb1c83822b\" class=\"forminator-input forminator-name--field\" data-required=\"1\" \/><\/div><\/div><div id=\"email-1\" class=\"forminator-field-email forminator-col forminator-col-6\"><div class=\"forminator-field\"><label for=\"forminator-field-email-1_69deb1c83822b\" id=\"forminator-field-email-1_69deb1c83822b-label\" class=\"forminator-label\">E-mail <span class=\"forminator-required\">*<\/span><\/label><input type=\"email\" name=\"email-1\" value=\"\" placeholder=\"Your e-mail adress\" id=\"forminator-field-email-1_69deb1c83822b\" class=\"forminator-input forminator-email--field\" data-required=\"true\" aria-required=\"true\" \/><\/div><\/div><\/div><div class=\"forminator-row\"><div id=\"textarea-1\" class=\"forminator-field-textarea forminator-col forminator-col-12\"><div class=\"forminator-field\"><label for=\"forminator-field-textarea-1_69deb1c83822b\" id=\"forminator-field-textarea-1_69deb1c83822b-label\" class=\"forminator-label\">Message <span class=\"forminator-required\">*<\/span><\/label><textarea name=\"textarea-1\" placeholder=\"Type your message...\" id=\"forminator-field-textarea-1_69deb1c83822b\" class=\"forminator-textarea\" rows=\"6\" style=\"min-height:140px;\" ><\/textarea><span id=\"forminator-field-textarea-1_69deb1c83822b-description\" class=\"forminator-description\"><span data-limit=\"500\" data-type=\"words\" data-editor=\"\">0 \/ 500<\/span><\/span><\/div><\/div><\/div><div class=\"forminator-row\"><div id=\"captcha-1\" class=\"forminator-field-captcha forminator-col forminator-col-12\"><div class=\"forminator-captcha-left forminator-g-recaptcha recaptcha-invisible\" data-theme=\"light\" data-badge=\"bottomright\" data-sitekey=\"6LemrfkhAAAAADBE0gIL5y9Z26FihUGTRArcM7m-\" data-size=\"invisible\"><\/div> <\/div><\/div><input type=\"hidden\" name=\"referer_url\" value=\"\" \/><div class=\"forminator-row forminator-row-last\"><div class=\"forminator-col\"><div class=\"forminator-field\"><button class=\"forminator-button forminator-button-submit form-submit\">Send my message<\/button><\/div><\/div><\/div><input type=\"hidden\" id=\"forminator_nonce\" name=\"forminator_nonce\" value=\"4f19c73204\" \/><input type=\"hidden\" name=\"_wp_http_referer\" value=\"\/en\/wp-json\/wp\/v2\/pages\/6510\" \/><input type=\"hidden\" name=\"form_id\" value=\"6517\"><input type=\"hidden\" name=\"page_id\" value=\"6510\"><input type=\"hidden\" name=\"form_type\" value=\"default\"><input type=\"hidden\" name=\"current_url\" value=\"https:\/\/cfi.ch\/en\/inscription-formation\/\"><input type=\"hidden\" name=\"render_id\" value=\"0\"><input type=\"hidden\" name=\"action\" value=\"forminator_submit_form_custom-forms\"><input type=\"hidden\" name=\"trp-form-language\" value=\"en\"\/><\/form><\/div>\n<\/div><\/div><\/div>\n\n\n\n<div class=\"wp-block-stackable-column stk-block-column stk-column stk-block stk-744796d\" data-block-id=\"744796d\"><style>.stk-744796d{display:flex !important}.stk-744796d{align-items:flex-start !important}@media screen and (min-width:768px){.stk-744796d{flex:1 1 calc(30% - var(--stk-column-gap,0px) * 1 \/ 2 ) !important}}.stk-744796d-container{border-radius:15px !important;overflow:hidden !important;border-style:solid !important;border-color:#ececec !important;border-top-width:1px !important;border-right-width:1px !important;border-bottom-width:1px !important;border-left-width:1px !important}.stk-744796d .stk-block-column__content{display:flex !important}.stk-744796d .stk-block-column__content{align-items:flex-start !important}<\/style><div class=\"stk-column-wrapper stk-block-column__content stk-container stk-744796d-container stk-hover-parent\"><div class=\"stk-block-content stk-inner-blocks\">\n<div class=\"wp-block-stackable-heading stk-block-heading stk-block stk-b62fb50\" id=\"cfi-sa\" data-block-id=\"b62fb50\"><style>.stk-b62fb50{margin-bottom:6px !important}.stk-b62fb50 .stk-block-heading__text{color:var(--stk-global-color-10814,#333333) !important}<\/style><h4 class=\"stk-block-heading__text has-text-color has-stk-global-color-10814-color\">CFI SA<\/h4><\/div>\n\n\n\n<div class=\"wp-block-stackable-text stk-block-text stk-block stk-44f67aa\" data-block-id=\"44f67aa\"><style>.stk-44f67aa .stk-block-text__text{font-size:16px !important;color:var(--stk-global-color-69351,#878b92) !important}@media screen and (max-width:1023px){.stk-44f67aa .stk-block-text__text{font-size:16px !important}}<\/style><p class=\"stk-block-text__text has-text-color has-stk-global-color-69351-color\">Rue du Concert 6<br>2000 Neuch\u00e2tel<br>&#x69;&#x6e;&#102;&#111;&#64;c&#x66;&#x69;&#x2e;&#99;h<br>+41 32 723 20 20<\/p><\/div>\n\n\n\n<div class=\"wp-block-stackable-heading stk-block-heading stk-block stk-89b8c4b\" id=\"horaires-douverture\" data-block-id=\"89b8c4b\"><style>.stk-89b8c4b{margin-bottom:6px !important}.stk-89b8c4b .stk-block-heading__text{color:var(--stk-global-color-10814,#333333) !important}<\/style><h4 class=\"stk-block-heading__text has-text-color has-stk-global-color-10814-color\">Opening times<\/h4><\/div>\n\n\n\n<div class=\"wp-block-stackable-text stk-block-text stk-block stk-64d3f3f\" data-block-id=\"64d3f3f\"><style>.stk-64d3f3f .stk-block-text__text{font-size:16px !important;color:var(--stk-global-color-69351,#878b92) !important}@media screen and (max-width:1023px){.stk-64d3f3f .stk-block-text__text{font-size:16px !important}}<\/style><p class=\"stk-block-text__text has-text-color has-stk-global-color-69351-color\">Open Monday to Friday<br>08:00 &#8211; 12:00 \/ 13:30 &#8211; 17:30<\/p><\/div>\n<\/div><\/div><\/div>\n<\/div><\/div>\n<\/div><\/div><\/div>\n<\/div><\/div>","protected":false},"excerpt":{"rendered":"<p>Vous \u00eates int\u00e9ress\u00e9(e)par cette formation? Contactez-nous. Compl\u00e9tez le formulaire ci-dessous, vous recevrez une r\u00e9ponse dans les meilleurs d\u00e9lais. CFI SA Rue du Concert 62000 Neuch\u00e2tel&#x69;&#x6e;&#x66;&#x6f;&#x40;&#x63;&#x66;&#x69;&#x2e;&#x63;&#x68;+41 32 723 20 20 Horaires d&rsquo;ouverture Ouvert de lundi \u00e0 vendredi08:00 &#8211; 12:00 \/ 13:30 &#8211; 17:30<\/p>","protected":false},"author":1,"featured_media":6486,"parent":0,"menu_order":0,"comment_status":"closed","ping_status":"closed","template":"","meta":{"_acf_changed":false,"footnotes":""},"class_list":["post-6510","page","type-page","status-publish","has-post-thumbnail","hentry"],"blocksy_meta":{"styles_descriptor":{"styles":{"desktop":"","tablet":"","mobile":""},"google_fonts":[],"version":5}},"acf":[],"_links":{"self":[{"href":"https:\/\/cfi.ch\/en\/wp-json\/wp\/v2\/pages\/6510","targetHints":{"allow":["GET"]}}],"collection":[{"href":"https:\/\/cfi.ch\/en\/wp-json\/wp\/v2\/pages"}],"about":[{"href":"https:\/\/cfi.ch\/en\/wp-json\/wp\/v2\/types\/page"}],"author":[{"embeddable":true,"href":"https:\/\/cfi.ch\/en\/wp-json\/wp\/v2\/users\/1"}],"replies":[{"embeddable":true,"href":"https:\/\/cfi.ch\/en\/wp-json\/wp\/v2\/comments?post=6510"}],"version-history":[{"count":0,"href":"https:\/\/cfi.ch\/en\/wp-json\/wp\/v2\/pages\/6510\/revisions"}],"wp:featuredmedia":[{"embeddable":true,"href":"https:\/\/cfi.ch\/en\/wp-json\/wp\/v2\/media\/6486"}],"wp:attachment":[{"href":"https:\/\/cfi.ch\/en\/wp-json\/wp\/v2\/media?parent=6510"}],"curies":[{"name":"wp","href":"https:\/\/api.w.org\/{rel}","templated":true}]}}